{"id":3882,"date":"2017-02-03T08:24:57","date_gmt":"2017-02-03T07:24:57","guid":{"rendered":"http:\/\/www.san-mar-lopar.com\/?page_id=3882\/"},"modified":"2025-03-20T12:09:20","modified_gmt":"2025-03-20T11:09:20","slug":"ueber-uns","status":"publish","type":"page","link":"https:\/\/www.san-mar-lopar.com\/de\/ueber-uns\/","title":{"rendered":"\u00dcber uns"},"content":{"rendered":"<h1 style=\"text-align: center;\">\u00dcber uns<\/h1>\n<p style=\"text-align: center;\">Unser Team besteht aus Experten mit langj\u00e4hriger Erfahrung in den Bereichen Tourismus und Marketing. Mit nur einem Ziel &#8211; Ein Rundum-Erlebnis f\u00fcr jeden Gast in den San Mar Apartments zu schaffen. Wir haben beschlossen, unser Wissen und unseren Enthusiasmus in San Mar zu investieren, um es zu einem beliebten Ziel f\u00fcr die Kvarner Region zu machen und neue Standards f\u00fcr das gesamte Unterkunftsangebot zu setzen. Unsere Arbeit ergibt sich aus einem einzigen Motto &#8211; Nur h\u00f6chste Standards ohne Kompromisse. Eines ist sicher &#8211; Sie sind in guten H\u00e4nden.<\/p>\n<div class=\"sc-column col-lg-4 col-md- col-sm- col-xs- col-lg-offset- \">\n<h4 style=\"text-align: center;\"><\/h4>\n<h4 style=\"text-align: center;\"><img loading=\"lazy\" class=\"alignnone size-full wp-image-7398\" src=\"http:\/\/www.san-mar-lopar.com\/wp-content\/uploads\/2025\/03\/Sandro.png\" alt=\"\" width=\"253\" height=\"253\" srcset=\"https:\/\/www.san-mar-lopar.com\/wp-content\/uploads\/2025\/03\/Sandro.png 253w, https:\/\/www.san-mar-lopar.com\/wp-content\/uploads\/2025\/03\/Sandro-150x150.png 150w, https:\/\/www.san-mar-lopar.com\/wp-content\/uploads\/2025\/03\/Sandro-100x100.png 100w\" sizes=\"(max-width: 253px) 100vw, 253px\" \/><\/h4>\n<h4 style=\"text-align: center;\"><\/h4>\n<h4 style=\"text-align: center;\">Sandro Lazari\u0107<\/h4>\n<p style=\"text-align: center;\">Sandro ist ein Marketing-Experte, der auf neue digitale Trends in Marketing und Management konzentriert ist. Sandro wurde in Lopar geboren und ist emotional mit diesem Teil der Insel verbunden. Das l\u00e4sst ihn sich voll und ganz einem Rundum-Erlebnis f\u00fcr jeden Gast in San Mar widmen. Nur h\u00f6chste Standards ohne Kompromisse lautet das Motto von Sandro, was er in jeder T\u00e4tigkeit seines Lebens und seiner Arbeit umsetzt. Sandro ist Inhaber und Gesch\u00e4ftsf\u00fchrer der Digital-Agentur Arbona<\/p>\n<p style=\"text-align: center;\"><a href=\"https:\/\/www.facebook.com\/sandro.lazaric?fref=ts\">Facebook<\/a> \u00a0I \u00a0Linkedin<\/p>\n<hr \/>\n<\/div>\n<div class=\"sc-column col-lg-4 col-md- col-sm- col-xs- col-lg-offset- \">\n<h4 style=\"text-align: center;\"><img loading=\"lazy\" class=\"alignnone size-full wp-image-7402\" src=\"http:\/\/www.san-mar-lopar.com\/wp-content\/uploads\/2025\/03\/Marin.png\" alt=\"\" width=\"253\" height=\"253\" srcset=\"https:\/\/www.san-mar-lopar.com\/wp-content\/uploads\/2025\/03\/Marin.png 253w, https:\/\/www.san-mar-lopar.com\/wp-content\/uploads\/2025\/03\/Marin-150x150.png 150w, https:\/\/www.san-mar-lopar.com\/wp-content\/uploads\/2025\/03\/Marin-100x100.png 100w\" sizes=\"(max-width: 253px) 100vw, 253px\" \/><\/h4>\n<h4 style=\"text-align: center;\">\nMarin Lazari\u0107<\/h4>\n<p style=\"text-align: center;\">Marin hat langj\u00e4hrige Erfahrung im Tourismus und den Unterkunftsangeboten. Marin ist mit jedem Teil von Lopar vertraut, da er den gr\u00f6\u00dften Teil seines Lebens in Lopar lebt und arbeitet. Marin ist bei seiner Arbeit passioniert und hat alle seine Anstrengungen mit einem Endziel in das San Mar-Projekt gesetzt \u2013 Ein Ma\u00dfstab f\u00fcr alle Luxus-Apartments im Kvarner zu werden. Marin ist Leiter der Investitionen und Entwicklung des gr\u00f6\u00dften Touristikunternehmens auf der Insel \u2013 Imperial d.d.<\/p>\n<p style=\"text-align: center;\">Facebook<\/p>\n<hr \/>\n<\/div>\n<div class=\"sc-column col-lg-4 col-md- col-sm- col-xs- col-lg-offset- \">\n<h4 style=\"text-align: center;\"><img loading=\"lazy\" class=\"alignnone size-full wp-image-7405\" src=\"http:\/\/www.san-mar-lopar.com\/wp-content\/uploads\/2025\/03\/Jasna.png\" alt=\"\" width=\"253\" height=\"253\" srcset=\"https:\/\/www.san-mar-lopar.com\/wp-content\/uploads\/2025\/03\/Jasna.png 253w, https:\/\/www.san-mar-lopar.com\/wp-content\/uploads\/2025\/03\/Jasna-150x150.png 150w, https:\/\/www.san-mar-lopar.com\/wp-content\/uploads\/2025\/03\/Jasna-100x100.png 100w\" sizes=\"(max-width: 253px) 100vw, 253px\" \/><\/h4>\n<h4 style=\"text-align: center;\"><\/h4>\n<h4 style=\"text-align: center;\">\nJasna Lazari\u0107<\/h4>\n<p style=\"text-align: center;\">Ansprechpartner<br \/>\n<a href=\"mailto:info@san-mar-lopar.com\">info@san-mar-lopar.com<\/a><br \/>\n<a href=\"tel:+385981978828\">+385 98 197 88 28<\/a><\/p>\n<hr \/>\n<\/div>\n","protected":false},"excerpt":{"rendered":"<p>\u00dcber uns Unser Team besteht aus Experten mit langj\u00e4hriger Erfahrung in den Bereichen Tourismus und Marketing. Mit nur einem Ziel &#8211; Ein Rundum-Erlebnis f\u00fcr jeden Gast in den San Mar Apartments zu schaffen. Wir haben beschlossen, unser [&hellip;]<\/p>\n","protected":false},"author":1,"featured_media":3322,"parent":0,"menu_order":11,"comment_status":"closed","ping_status":"closed","template":"","meta":[],"yoast_head":"<!-- This site is optimized with the Yoast SEO plugin v17.2.1 - https:\/\/yoast.com\/wordpress\/plugins\/seo\/ -->\n<title>\u00dcber uns - San Mar Lopar<\/title>\n<meta name=\"robots\" content=\"index, follow, max-snippet:-1, max-image-preview:large, max-video-preview:-1\" \/>\n<link rel=\"canonical\" href=\"https:\/\/www.san-mar-lopar.com\/de\/ueber-uns\/\" \/>\n<meta property=\"og:locale\" content=\"de_DE\" \/>\n<meta property=\"og:type\" content=\"article\" \/>\n<meta property=\"og:title\" content=\"\u00dcber uns - San Mar Lopar\" \/>\n<meta property=\"og:description\" content=\"\u00dcber uns Unser Team besteht aus Experten mit langj\u00e4hriger Erfahrung in den Bereichen Tourismus und Marketing. Mit nur einem Ziel &#8211; Ein Rundum-Erlebnis f\u00fcr jeden Gast in den San Mar Apartments zu schaffen. Wir haben beschlossen, unser [&hellip;]\" \/>\n<meta property=\"og:url\" content=\"https:\/\/www.san-mar-lopar.com\/de\/ueber-uns\/\" \/>\n<meta property=\"og:site_name\" content=\"San Mar Lopar\" \/>\n<meta property=\"article:modified_time\" content=\"2025-03-20T11:09:20+00:00\" \/>\n<meta property=\"og:image\" content=\"http:\/\/www.san-mar-lopar.com\/wp-content\/uploads\/2017\/01\/lopar_header_1.jpg\" \/>\n\t<meta property=\"og:image:width\" content=\"1920\" \/>\n\t<meta property=\"og:image:height\" content=\"692\" \/>\n<meta name=\"twitter:card\" content=\"summary\" \/>\n<meta name=\"twitter:label1\" content=\"Gesch\u00e4tzte Lesezeit\" \/>\n\t<meta name=\"twitter:data1\" content=\"2\u00a0Minuten\" \/>\n<script type=\"application\/ld+json\" class=\"yoast-schema-graph\">{\"@context\":\"https:\/\/schema.org\",\"@graph\":[{\"@type\":\"Organization\",\"@id\":\"https:\/\/www.san-mar-lopar.com\/#organization\",\"name\":\"San-Mar-Lopar\",\"url\":\"https:\/\/www.san-mar-lopar.com\/\",\"sameAs\":[],\"logo\":{\"@type\":\"ImageObject\",\"@id\":\"https:\/\/www.san-mar-lopar.com\/#logo\",\"inLanguage\":\"de\",\"url\":\"https:\/\/www.san-mar-lopar.com\/wp-content\/uploads\/2020\/07\/SanMarFAVICON512x512.png\",\"contentUrl\":\"https:\/\/www.san-mar-lopar.com\/wp-content\/uploads\/2020\/07\/SanMarFAVICON512x512.png\",\"width\":512,\"height\":512,\"caption\":\"San-Mar-Lopar\"},\"image\":{\"@id\":\"https:\/\/www.san-mar-lopar.com\/#logo\"}},{\"@type\":\"WebSite\",\"@id\":\"https:\/\/www.san-mar-lopar.com\/#website\",\"url\":\"https:\/\/www.san-mar-lopar.com\/\",\"name\":\"San Mar Lopar\",\"description\":\"Apartments | Rab | Croatia\",\"publisher\":{\"@id\":\"https:\/\/www.san-mar-lopar.com\/#organization\"},\"potentialAction\":[{\"@type\":\"SearchAction\",\"target\":{\"@type\":\"EntryPoint\",\"urlTemplate\":\"https:\/\/www.san-mar-lopar.com\/?s={search_term_string}\"},\"query-input\":\"required name=search_term_string\"}],\"inLanguage\":\"de\"},{\"@type\":\"ImageObject\",\"@id\":\"https:\/\/www.san-mar-lopar.com\/de\/ueber-uns\/#primaryimage\",\"inLanguage\":\"de\",\"url\":\"https:\/\/www.san-mar-lopar.com\/wp-content\/uploads\/2017\/01\/lopar_header_1.jpg\",\"contentUrl\":\"https:\/\/www.san-mar-lopar.com\/wp-content\/uploads\/2017\/01\/lopar_header_1.jpg\",\"width\":1920,\"height\":692},{\"@type\":\"WebPage\",\"@id\":\"https:\/\/www.san-mar-lopar.com\/de\/ueber-uns\/#webpage\",\"url\":\"https:\/\/www.san-mar-lopar.com\/de\/ueber-uns\/\",\"name\":\"\\u00dcber uns - San Mar Lopar\",\"isPartOf\":{\"@id\":\"https:\/\/www.san-mar-lopar.com\/#website\"},\"primaryImageOfPage\":{\"@id\":\"https:\/\/www.san-mar-lopar.com\/de\/ueber-uns\/#primaryimage\"},\"datePublished\":\"2017-02-03T07:24:57+00:00\",\"dateModified\":\"2025-03-20T11:09:20+00:00\",\"breadcrumb\":{\"@id\":\"https:\/\/www.san-mar-lopar.com\/de\/ueber-uns\/#breadcrumb\"},\"inLanguage\":\"de\",\"potentialAction\":[{\"@type\":\"ReadAction\",\"target\":[\"https:\/\/www.san-mar-lopar.com\/de\/ueber-uns\/\"]}]},{\"@type\":\"BreadcrumbList\",\"@id\":\"https:\/\/www.san-mar-lopar.com\/de\/ueber-uns\/#breadcrumb\",\"itemListElement\":[{\"@type\":\"ListItem\",\"position\":1,\"name\":\"Home\",\"item\":\"https:\/\/www.san-mar-lopar.com\/de\/startseite\/\"},{\"@type\":\"ListItem\",\"position\":2,\"name\":\"\\u00dcber uns\"}]}]}<\/script>\n<!-- \/ Yoast SEO plugin. -->","yoast_head_json":{"title":"\u00dcber uns - San Mar Lopar","robots":{"index":"index","follow":"follow","max-snippet":"max-snippet:-1","max-image-preview":"max-image-preview:large","max-video-preview":"max-video-preview:-1"},"canonical":"https:\/\/www.san-mar-lopar.com\/de\/ueber-uns\/","og_locale":"de_DE","og_type":"article","og_title":"\u00dcber uns - San Mar Lopar","og_description":"\u00dcber uns Unser Team besteht aus Experten mit langj\u00e4hriger Erfahrung in den Bereichen Tourismus und Marketing. Mit nur einem Ziel &#8211; Ein Rundum-Erlebnis f\u00fcr jeden Gast in den San Mar Apartments zu schaffen. Wir haben beschlossen, unser [&hellip;]","og_url":"https:\/\/www.san-mar-lopar.com\/de\/ueber-uns\/","og_site_name":"San Mar Lopar","article_modified_time":"2025-03-20T11:09:20+00:00","og_image":[{"width":1920,"height":692,"url":"http:\/\/www.san-mar-lopar.com\/wp-content\/uploads\/2017\/01\/lopar_header_1.jpg","path":"\/home\/sanmarlopar\/public_html\/wp-content\/uploads\/2017\/01\/lopar_header_1.jpg","size":"full","id":3322,"alt":"","pixels":1328640,"type":"image\/jpeg"}],"twitter_card":"summary","twitter_misc":{"Gesch\u00e4tzte Lesezeit":"2\u00a0Minuten"},"schema":{"@context":"https:\/\/schema.org","@graph":[{"@type":"Organization","@id":"https:\/\/www.san-mar-lopar.com\/#organization","name":"San-Mar-Lopar","url":"https:\/\/www.san-mar-lopar.com\/","sameAs":[],"logo":{"@type":"ImageObject","@id":"https:\/\/www.san-mar-lopar.com\/#logo","inLanguage":"de","url":"https:\/\/www.san-mar-lopar.com\/wp-content\/uploads\/2020\/07\/SanMarFAVICON512x512.png","contentUrl":"https:\/\/www.san-mar-lopar.com\/wp-content\/uploads\/2020\/07\/SanMarFAVICON512x512.png","width":512,"height":512,"caption":"San-Mar-Lopar"},"image":{"@id":"https:\/\/www.san-mar-lopar.com\/#logo"}},{"@type":"WebSite","@id":"https:\/\/www.san-mar-lopar.com\/#website","url":"https:\/\/www.san-mar-lopar.com\/","name":"San Mar Lopar","description":"Apartments | Rab | Croatia","publisher":{"@id":"https:\/\/www.san-mar-lopar.com\/#organization"},"potentialAction":[{"@type":"SearchAction","target":{"@type":"EntryPoint","urlTemplate":"https:\/\/www.san-mar-lopar.com\/?s={search_term_string}"},"query-input":"required name=search_term_string"}],"inLanguage":"de"},{"@type":"ImageObject","@id":"https:\/\/www.san-mar-lopar.com\/de\/ueber-uns\/#primaryimage","inLanguage":"de","url":"https:\/\/www.san-mar-lopar.com\/wp-content\/uploads\/2017\/01\/lopar_header_1.jpg","contentUrl":"https:\/\/www.san-mar-lopar.com\/wp-content\/uploads\/2017\/01\/lopar_header_1.jpg","width":1920,"height":692},{"@type":"WebPage","@id":"https:\/\/www.san-mar-lopar.com\/de\/ueber-uns\/#webpage","url":"https:\/\/www.san-mar-lopar.com\/de\/ueber-uns\/","name":"\u00dcber uns - San Mar Lopar","isPartOf":{"@id":"https:\/\/www.san-mar-lopar.com\/#website"},"primaryImageOfPage":{"@id":"https:\/\/www.san-mar-lopar.com\/de\/ueber-uns\/#primaryimage"},"datePublished":"2017-02-03T07:24:57+00:00","dateModified":"2025-03-20T11:09:20+00:00","breadcrumb":{"@id":"https:\/\/www.san-mar-lopar.com\/de\/ueber-uns\/#breadcrumb"},"inLanguage":"de","potentialAction":[{"@type":"ReadAction","target":["https:\/\/www.san-mar-lopar.com\/de\/ueber-uns\/"]}]},{"@type":"BreadcrumbList","@id":"https:\/\/www.san-mar-lopar.com\/de\/ueber-uns\/#breadcrumb","itemListElement":[{"@type":"ListItem","position":1,"name":"Home","item":"https:\/\/www.san-mar-lopar.com\/de\/startseite\/"},{"@type":"ListItem","position":2,"name":"\u00dcber uns"}]}]}},"_links":{"self":[{"href":"https:\/\/www.san-mar-lopar.com\/de\/wp-json\/wp\/v2\/pages\/3882"}],"collection":[{"href":"https:\/\/www.san-mar-lopar.com\/de\/wp-json\/wp\/v2\/pages"}],"about":[{"href":"https:\/\/www.san-mar-lopar.com\/de\/wp-json\/wp\/v2\/types\/page"}],"author":[{"embeddable":true,"href":"https:\/\/www.san-mar-lopar.com\/de\/wp-json\/wp\/v2\/users\/1"}],"replies":[{"embeddable":true,"href":"https:\/\/www.san-mar-lopar.com\/de\/wp-json\/wp\/v2\/comments?post=3882"}],"version-history":[{"count":8,"href":"https:\/\/www.san-mar-lopar.com\/de\/wp-json\/wp\/v2\/pages\/3882\/revisions"}],"predecessor-version":[{"id":7420,"href":"https:\/\/www.san-mar-lopar.com\/de\/wp-json\/wp\/v2\/pages\/3882\/revisions\/7420"}],"wp:featuredmedia":[{"embeddable":true,"href":"https:\/\/www.san-mar-lopar.com\/de\/wp-json\/wp\/v2\/media\/3322"}],"wp:attachment":[{"href":"https:\/\/www.san-mar-lopar.com\/de\/wp-json\/wp\/v2\/media?parent=3882"}],"curies":[{"name":"wp","href":"https:\/\/api.w.org\/{rel}","templated":true}]}}