{"id":3889,"date":"2017-02-03T08:29:49","date_gmt":"2017-02-03T07:29:49","guid":{"rendered":"http:\/\/www.san-mar-lopar.com\/?page_id=3889\/"},"modified":"2017-02-14T12:54:26","modified_gmt":"2017-02-14T11:54:26","slug":"rab","status":"publish","type":"page","link":"https:\/\/www.san-mar-lopar.com\/de\/rab\/","title":{"rendered":"Rab"},"content":{"rendered":"<h1>Rab<\/h1>\n<div class=\"col-lg-6 col-md- col-sm- col-xs- col-lg-offset-  one-half\"> <span style=\"line-height: 30px;\"><br \/>\nDie Insel Rab ist seit mehr als 120 Jahren ein Touristen-Hotspot, wobei die Einheimischen am organisierten Tourismus beteiligt sind und Sie bei Aktivit\u00e4ten wie Fischerei, Viehzucht, Olivenanbau, Weinherstellung, Schiffsbau usw. begleiten. Daher ist Rab ein entwickeltes touristisches Ziel und mit vielen Preisen und Auszeichnungen ausgezeichnet. Sie stellt eine echte Perle der Kvarner Bucht und der Adria als Ganzes dar.<\/p>\n<p>Die Insel Rab liegt in der Kvarner Bucht und ist von zahlreichen Inseln wie Goli, Grgur, Lukovac und \u0160kolji\u0107 umgeben. Im Gegensatz zu anderen Inseln im Kvarner hat die Insel Rab eine relativ kleine Anzahl an D\u00f6rfern, n\u00e4mlich nur 8 &#8211; Die Stadt Rab, Banjol, Barbat, Kampor, Mundanije, Palit, Supetarska Draga und nat\u00fcrlich Lopar.<\/p>\n<p>Als Ergebnis einer tollen geografischen und touristischen Lage ist die Insel Rab heute sehr beliebt bei Touristen und Familien. Jedes Ziel auf der Insel hat eine einzigartige Sehensw\u00fcrdigkeit zu bieten. Die Stadt Rab, als Zentrum der ganzen Insel, ist bekannt f\u00fcr seine vier Glockent\u00fcrme und die Darstellung eines Schiffs mit vier Masten. Banjol ist wegen seiner vier Buchten etwas Besonderes. Auch zahlreiche kleine Promenaden und Kiesstr\u00e4nde sind die Markenzeichen von Barbat. Kampor hat sein wahres Aussehen als traditionelle, mediterrane Fischerstadt erhalten. Mundanije ist der einzige Ort auf der Insel, der sich nicht an der K\u00fcste befindet. Er ist ber\u00fchmt daf\u00fcr, Obst und Gem\u00fcse in traditioneller Weise anzubauen. Palit befindet sich teilweise an der Bucht von St. Euphemia. Ein gro\u00dfer Yachthafen befindet sich in Supetarska Draga, was diesen Ort zu einem Muss f\u00fcr alle nautischen Enthusiasten macht. Lopar befindet sich im n\u00f6rdlichen Teil von Rab. Es ist ber\u00fchmt f\u00fcr sein reichhaltiges gastronomisches Angebot und die zahlreichen Veranstaltungen und Aktivit\u00e4ten. Lopar ist ein ideales Ziel f\u00fcr Familien und Gruppen. Die San Mar Apartments und ihre qualifizierten Mitarbeiter entsprechen den h\u00f6chsten Standards des kroatischen Tourismus und bieten ihren G\u00e4sten eine Rundum-Erfahrung f\u00fcr einen Traumurlaub.<\/div>\n<div class=\"col-lg-6 col-md- col-sm- col-xs- col-lg-offset-  one-half\">\n<p><img loading=\"lazy\" class=\"alignnone size-full wp-image-3488\" src=\"http:\/\/san-mar-lopar.com\/wp-content\/uploads\/2017\/01\/Screenshot-at-Jan-17-13-59-53.png\" alt=\"\" width=\"auto\" height=\"auto\" srcset=\"https:\/\/www.san-mar-lopar.com\/wp-content\/uploads\/2017\/01\/Screenshot-at-Jan-17-13-59-53.png 889w, https:\/\/www.san-mar-lopar.com\/wp-content\/uploads\/2017\/01\/Screenshot-at-Jan-17-13-59-53-300x189.png 300w, https:\/\/www.san-mar-lopar.com\/wp-content\/uploads\/2017\/01\/Screenshot-at-Jan-17-13-59-53-768x485.png 768w\" sizes=\"(max-width: 889px) 100vw, 889px\" \/><\/p>\n<p><img loading=\"lazy\" class=\"alignnone size-full wp-image-3491\" src=\"http:\/\/san-mar-lopar.com\/wp-content\/uploads\/2017\/01\/RAB-05_3.9.2014_134011.jpg\" alt=\"\" width=\"auto\" height=\"auto\" srcset=\"https:\/\/www.san-mar-lopar.com\/wp-content\/uploads\/2017\/01\/RAB-05_3.9.2014_134011.jpg 720w, https:\/\/www.san-mar-lopar.com\/wp-content\/uploads\/2017\/01\/RAB-05_3.9.2014_134011-300x177.jpg 300w\" sizes=\"(max-width: 720px) 100vw, 720px\" \/><\/p>\n<\/div>\n","protected":false},"excerpt":{"rendered":"<p>Rab<\/p>\n","protected":false},"author":1,"featured_media":3322,"parent":0,"menu_order":0,"comment_status":"closed","ping_status":"closed","template":"","meta":[],"yoast_head":"<!-- This site is optimized with the Yoast SEO plugin v17.2.1 - https:\/\/yoast.com\/wordpress\/plugins\/seo\/ -->\n<title>Rab - San Mar Lopar<\/title>\n<meta name=\"robots\" content=\"index, follow, max-snippet:-1, max-image-preview:large, max-video-preview:-1\" \/>\n<link rel=\"canonical\" href=\"https:\/\/www.san-mar-lopar.com\/de\/rab\/\" \/>\n<meta property=\"og:locale\" content=\"de_DE\" \/>\n<meta property=\"og:type\" content=\"article\" \/>\n<meta property=\"og:title\" content=\"Rab - San Mar Lopar\" \/>\n<meta property=\"og:description\" content=\"Rab\" \/>\n<meta property=\"og:url\" content=\"https:\/\/www.san-mar-lopar.com\/de\/rab\/\" \/>\n<meta property=\"og:site_name\" content=\"San Mar Lopar\" \/>\n<meta property=\"article:modified_time\" content=\"2017-02-14T11:54:26+00:00\" \/>\n<meta property=\"og:image\" content=\"https:\/\/www.san-mar-lopar.com\/wp-content\/uploads\/2017\/01\/lopar_header_1.jpg\" \/>\n\t<meta property=\"og:image:width\" content=\"1920\" \/>\n\t<meta property=\"og:image:height\" content=\"692\" \/>\n<meta name=\"twitter:card\" content=\"summary\" \/>\n<meta name=\"twitter:label1\" content=\"Gesch\u00e4tzte Lesezeit\" \/>\n\t<meta name=\"twitter:data1\" content=\"2\u00a0Minuten\" \/>\n<script type=\"application\/ld+json\" class=\"yoast-schema-graph\">{\"@context\":\"https:\/\/schema.org\",\"@graph\":[{\"@type\":\"Organization\",\"@id\":\"https:\/\/www.san-mar-lopar.com\/#organization\",\"name\":\"San-Mar-Lopar\",\"url\":\"https:\/\/www.san-mar-lopar.com\/\",\"sameAs\":[],\"logo\":{\"@type\":\"ImageObject\",\"@id\":\"https:\/\/www.san-mar-lopar.com\/#logo\",\"inLanguage\":\"de\",\"url\":\"https:\/\/www.san-mar-lopar.com\/wp-content\/uploads\/2020\/07\/SanMarFAVICON512x512.png\",\"contentUrl\":\"https:\/\/www.san-mar-lopar.com\/wp-content\/uploads\/2020\/07\/SanMarFAVICON512x512.png\",\"width\":512,\"height\":512,\"caption\":\"San-Mar-Lopar\"},\"image\":{\"@id\":\"https:\/\/www.san-mar-lopar.com\/#logo\"}},{\"@type\":\"WebSite\",\"@id\":\"https:\/\/www.san-mar-lopar.com\/#website\",\"url\":\"https:\/\/www.san-mar-lopar.com\/\",\"name\":\"San Mar Lopar\",\"description\":\"Apartments | Rab | Croatia\",\"publisher\":{\"@id\":\"https:\/\/www.san-mar-lopar.com\/#organization\"},\"potentialAction\":[{\"@type\":\"SearchAction\",\"target\":{\"@type\":\"EntryPoint\",\"urlTemplate\":\"https:\/\/www.san-mar-lopar.com\/?s={search_term_string}\"},\"query-input\":\"required name=search_term_string\"}],\"inLanguage\":\"de\"},{\"@type\":\"ImageObject\",\"@id\":\"https:\/\/www.san-mar-lopar.com\/de\/rab\/#primaryimage\",\"inLanguage\":\"de\",\"url\":\"https:\/\/www.san-mar-lopar.com\/wp-content\/uploads\/2017\/01\/lopar_header_1.jpg\",\"contentUrl\":\"https:\/\/www.san-mar-lopar.com\/wp-content\/uploads\/2017\/01\/lopar_header_1.jpg\",\"width\":1920,\"height\":692},{\"@type\":\"WebPage\",\"@id\":\"https:\/\/www.san-mar-lopar.com\/de\/rab\/#webpage\",\"url\":\"https:\/\/www.san-mar-lopar.com\/de\/rab\/\",\"name\":\"Rab - San Mar Lopar\",\"isPartOf\":{\"@id\":\"https:\/\/www.san-mar-lopar.com\/#website\"},\"primaryImageOfPage\":{\"@id\":\"https:\/\/www.san-mar-lopar.com\/de\/rab\/#primaryimage\"},\"datePublished\":\"2017-02-03T07:29:49+00:00\",\"dateModified\":\"2017-02-14T11:54:26+00:00\",\"breadcrumb\":{\"@id\":\"https:\/\/www.san-mar-lopar.com\/de\/rab\/#breadcrumb\"},\"inLanguage\":\"de\",\"potentialAction\":[{\"@type\":\"ReadAction\",\"target\":[\"https:\/\/www.san-mar-lopar.com\/de\/rab\/\"]}]},{\"@type\":\"BreadcrumbList\",\"@id\":\"https:\/\/www.san-mar-lopar.com\/de\/rab\/#breadcrumb\",\"itemListElement\":[{\"@type\":\"ListItem\",\"position\":1,\"name\":\"Home\",\"item\":\"https:\/\/www.san-mar-lopar.com\/de\/startseite\/\"},{\"@type\":\"ListItem\",\"position\":2,\"name\":\"Rab\"}]}]}<\/script>\n<!-- \/ Yoast SEO plugin. -->","yoast_head_json":{"title":"Rab - San Mar Lopar","robots":{"index":"index","follow":"follow","max-snippet":"max-snippet:-1","max-image-preview":"max-image-preview:large","max-video-preview":"max-video-preview:-1"},"canonical":"https:\/\/www.san-mar-lopar.com\/de\/rab\/","og_locale":"de_DE","og_type":"article","og_title":"Rab - San Mar Lopar","og_description":"Rab","og_url":"https:\/\/www.san-mar-lopar.com\/de\/rab\/","og_site_name":"San Mar Lopar","article_modified_time":"2017-02-14T11:54:26+00:00","og_image":[{"width":1920,"height":692,"url":"https:\/\/www.san-mar-lopar.com\/wp-content\/uploads\/2017\/01\/lopar_header_1.jpg","path":"\/home\/sanmarlopar\/public_html\/wp-content\/uploads\/2017\/01\/lopar_header_1.jpg","size":"full","id":3322,"alt":"","pixels":1328640,"type":"image\/jpeg"}],"twitter_card":"summary","twitter_misc":{"Gesch\u00e4tzte Lesezeit":"2\u00a0Minuten"},"schema":{"@context":"https:\/\/schema.org","@graph":[{"@type":"Organization","@id":"https:\/\/www.san-mar-lopar.com\/#organization","name":"San-Mar-Lopar","url":"https:\/\/www.san-mar-lopar.com\/","sameAs":[],"logo":{"@type":"ImageObject","@id":"https:\/\/www.san-mar-lopar.com\/#logo","inLanguage":"de","url":"https:\/\/www.san-mar-lopar.com\/wp-content\/uploads\/2020\/07\/SanMarFAVICON512x512.png","contentUrl":"https:\/\/www.san-mar-lopar.com\/wp-content\/uploads\/2020\/07\/SanMarFAVICON512x512.png","width":512,"height":512,"caption":"San-Mar-Lopar"},"image":{"@id":"https:\/\/www.san-mar-lopar.com\/#logo"}},{"@type":"WebSite","@id":"https:\/\/www.san-mar-lopar.com\/#website","url":"https:\/\/www.san-mar-lopar.com\/","name":"San Mar Lopar","description":"Apartments | Rab | Croatia","publisher":{"@id":"https:\/\/www.san-mar-lopar.com\/#organization"},"potentialAction":[{"@type":"SearchAction","target":{"@type":"EntryPoint","urlTemplate":"https:\/\/www.san-mar-lopar.com\/?s={search_term_string}"},"query-input":"required name=search_term_string"}],"inLanguage":"de"},{"@type":"ImageObject","@id":"https:\/\/www.san-mar-lopar.com\/de\/rab\/#primaryimage","inLanguage":"de","url":"https:\/\/www.san-mar-lopar.com\/wp-content\/uploads\/2017\/01\/lopar_header_1.jpg","contentUrl":"https:\/\/www.san-mar-lopar.com\/wp-content\/uploads\/2017\/01\/lopar_header_1.jpg","width":1920,"height":692},{"@type":"WebPage","@id":"https:\/\/www.san-mar-lopar.com\/de\/rab\/#webpage","url":"https:\/\/www.san-mar-lopar.com\/de\/rab\/","name":"Rab - San Mar Lopar","isPartOf":{"@id":"https:\/\/www.san-mar-lopar.com\/#website"},"primaryImageOfPage":{"@id":"https:\/\/www.san-mar-lopar.com\/de\/rab\/#primaryimage"},"datePublished":"2017-02-03T07:29:49+00:00","dateModified":"2017-02-14T11:54:26+00:00","breadcrumb":{"@id":"https:\/\/www.san-mar-lopar.com\/de\/rab\/#breadcrumb"},"inLanguage":"de","potentialAction":[{"@type":"ReadAction","target":["https:\/\/www.san-mar-lopar.com\/de\/rab\/"]}]},{"@type":"BreadcrumbList","@id":"https:\/\/www.san-mar-lopar.com\/de\/rab\/#breadcrumb","itemListElement":[{"@type":"ListItem","position":1,"name":"Home","item":"https:\/\/www.san-mar-lopar.com\/de\/startseite\/"},{"@type":"ListItem","position":2,"name":"Rab"}]}]}},"_links":{"self":[{"href":"https:\/\/www.san-mar-lopar.com\/de\/wp-json\/wp\/v2\/pages\/3889"}],"collection":[{"href":"https:\/\/www.san-mar-lopar.com\/de\/wp-json\/wp\/v2\/pages"}],"about":[{"href":"https:\/\/www.san-mar-lopar.com\/de\/wp-json\/wp\/v2\/types\/page"}],"author":[{"embeddable":true,"href":"https:\/\/www.san-mar-lopar.com\/de\/wp-json\/wp\/v2\/users\/1"}],"replies":[{"embeddable":true,"href":"https:\/\/www.san-mar-lopar.com\/de\/wp-json\/wp\/v2\/comments?post=3889"}],"version-history":[{"count":2,"href":"https:\/\/www.san-mar-lopar.com\/de\/wp-json\/wp\/v2\/pages\/3889\/revisions"}],"predecessor-version":[{"id":4054,"href":"https:\/\/www.san-mar-lopar.com\/de\/wp-json\/wp\/v2\/pages\/3889\/revisions\/4054"}],"wp:featuredmedia":[{"embeddable":true,"href":"https:\/\/www.san-mar-lopar.com\/de\/wp-json\/wp\/v2\/media\/3322"}],"wp:attachment":[{"href":"https:\/\/www.san-mar-lopar.com\/de\/wp-json\/wp\/v2\/media?parent=3889"}],"curies":[{"name":"wp","href":"https:\/\/api.w.org\/{rel}","templated":true}]}}