{"id":3924,"date":"2017-02-03T09:01:00","date_gmt":"2017-02-03T08:01:00","guid":{"rendered":"http:\/\/www.san-mar-lopar.com\/?page_id=3924\/"},"modified":"2025-07-02T13:56:12","modified_gmt":"2025-07-02T11:56:12","slug":"unterkunft","status":"publish","type":"page","link":"https:\/\/www.san-mar-lopar.com\/de\/unterkunft\/","title":{"rendered":"Unterkunft"},"content":{"rendered":"<h1 style=\"text-align: center; font-size: 30px;\">Unterkunft<\/h1>\n<div class=\"sc-column col-lg-4 col-md- col-sm- col-xs- col-lg-offset- \">\n<p style=\"text-align: center;\"><img loading=\"lazy\" class=\"alignnone wp-image-7839 size-full\" src=\"http:\/\/www.san-mar-lopar.com\/wp-content\/uploads\/2025\/07\/Villa.png\" alt=\"\" width=\"253\" height=\"253\" srcset=\"https:\/\/www.san-mar-lopar.com\/wp-content\/uploads\/2025\/07\/Villa.png 253w, https:\/\/www.san-mar-lopar.com\/wp-content\/uploads\/2025\/07\/Villa-150x150.png 150w, https:\/\/www.san-mar-lopar.com\/wp-content\/uploads\/2025\/07\/Villa-100x100.png 100w\" sizes=\"(max-width: 253px) 100vw, 253px\" \/><\/p>\n<p style=\"text-align: center;\">\n<h4 style=\"text-align: center;\">Luxury Villa<\/h4>\n<div class=\"block\">\n<p style=\"text-align: justify; margin: 20px;\">Diese Luxusvilla ist brandneu und ab 2025 mietbar. Perfekt f\u00fcr alle, die einen Luxusurlaub in modernem und elegantem Ambiente suchen. Mit drei ger\u00e4umigen Schlafzimmern, einem privaten Pool, einer Sauna und einer gro\u00dfen Terrasse bietet sie die perfekte Kombination aus Komfort und Luxus. Die Villa ist mit allen modernen Annehmlichkeiten ausgestattet, darunter Klimaanlage, Sat-TV, eine voll ausgestattete K\u00fcche und ein Au\u00dfengrill f\u00fcr Mahlzeiten im Freien. Mit drei Parkpl\u00e4tzen und einem durchdachten Interieur ist diese Villa die ideale Wahl f\u00fcr Familien und Gruppen von Freunden, die einen erholsamen und dennoch luxuri\u00f6sen Aufenthalt w\u00fcnschen.<\/p>\n<\/div>\n<hr \/>\n<p style=\"text-align: center;\"><a href=\"https:\/\/www.san-mar-lopar.com\/de\/produkt\/luxury-villa\/\">MEHR INFO<\/a><\/p>\n<\/div>\n<div class=\"sc-column col-lg-4 col-md- col-sm- col-xs- col-lg-offset- \">\n<p><a href=\"\/?p=3375\"><img loading=\"lazy\" style=\"margin: auto; display: block;\" src=\"http:\/\/www.san-mar-lopar.com\/wp-content\/uploads\/2017\/01\/app_1-1.jpg\" width=\"252\" height=\"253\" \/><\/a><\/p>\n<h4 style=\"text-align: center;\">Wohnung 1<\/h4>\n<div class=\"block\">\n<p style=\"text-align: justify; margin: 20px;\">Einschlie\u00dflich seines Hauptmerkmals \u2013 die N\u00e4he zum Paradise beach von nur 250m, wurde unsere Wohnung speziell entworfen, um die Bed\u00fcrfnisse unserer G\u00e4ste zu erf\u00fcllen. Die Wohnung befindet sich im Erdgeschoss, wurde mit einem besonderen Augenmerk auf Details und nur mit hervorragenden Materialien entworfen. Mit dem ultimativen Ziel \u2013 ein luxuri\u00f6ses Erlebnis f\u00fcr jeden unserer G\u00e4ste zu bieten. Dieses San Mar Apartment besteht aus zwei getrennten Zimmern mit je einem Bad und eine Toilette dazu, w\u00e4hrend noch eine zus\u00e4tzliche Toilette in der Wohnung vorhanden ist. Ein umfassender pers\u00f6nlicher Service unserer Mitarbeiter wird diese Erfahrung wahr werden lassen.<\/p>\n<\/div>\n<p style=\"text-align: center;\"><a href=\"\/?p=3375\">MEHR INFO<\/a><\/p>\n<hr \/>\n<\/div>\n<div class=\"sc-column col-lg-4 col-md- col-sm- col-xs- col-lg-offset- \">\n<p><a href=\"\/?p=3213\"><img loading=\"lazy\" style=\"margin: auto; display: block;\" src=\"http:\/\/www.san-mar-lopar.com\/wp-content\/uploads\/2017\/01\/app_2-1.jpg\" width=\"252\" height=\"253\" \/><\/a><\/p>\n<h4 style=\"text-align: center;\">Wohnung 2<\/h4>\n<div class=\"block\">\n<p style=\"text-align: justify; margin: 20px;\">Neu gebaut und geschmackvoll eingerichtet. Dieses San Mar Apartment befindet sich im Erdgeschoss und bietet seinen G\u00e4sten ein exklusives und luxuri\u00f6ses Urlaubserlebnis. Mit einer Bewertung von 5 Sternen gew\u00e4hrleistet unser Apartment seinen G\u00e4sten ein unvergessliches Erlebnis. Es ist mit zwei separaten Zimmern ausgestattet, die jeweils ein Bad und eine Toilette haben und eine dritte, zus\u00e4tzliche Toilette stehen in jeder Wohnung zur Verf\u00fcgung. Die Gestaltung der Wohnung ist modern und minimalistisch. Mit scharfen Linien, fokussiert auf den luxuri\u00f6sen Eindruck. So k\u00f6nnen unsere G\u00e4ste eine einzigartige Allround-Erfahrung mit einem umfassenden, pers\u00f6nlichen Service unserer Mitarbeiter genie\u00dfen.<\/p>\n<\/div>\n<p style=\"text-align: center;\"><a href=\"\/?p=3213\">MEHR INFO<\/a><\/p>\n<hr \/>\n<\/div>\n<div class=\"sc-column col-lg-4 col-md- col-sm- col-xs- col-lg-offset- \">\n<p><a href=\"\/?p=3212\"><img loading=\"lazy\" style=\"margin: auto; display: block;\" src=\"http:\/\/www.san-mar-lopar.com\/wp-content\/uploads\/2017\/01\/app_3-1.jpg\" width=\"252\" height=\"253\" \/><\/a><\/p>\n<h4 style=\"text-align: center;\">Wohnung 3<\/h4>\n<div class=\"block\">\n<p style=\"text-align: justify; margin: 20px;\">Dieses neu gebaute Apartment liegt im ersten Stock und bietet eine 5-Sterne Bewertung und ein luxuri\u00f6ses Erlebnis f\u00fcr seine G\u00e4ste. Es besteht aus zwei getrennten Zimmern mit je einem eigenem Bad und Toilette, w\u00e4hrend noch ein zus\u00e4tzliches drittes WC in jeder Wohnung zur Verf\u00fcgung steht. Das Design dieser Wohnung ist modern, luxuri\u00f6s und mit minimalistischen Standards. Wie scharfe Linien und Designer-Beleuchtung. Es wurden nur die besten Materialien beim Bau und der Einrichtung dieser Wohnung verwendet. Der umfassende pers\u00f6nliche Service dieser neu gebauten Wohnung bietet Ihnen alles, was Sie sich f\u00fcr einen perfekten und luxuri\u00f6sen Urlaub w\u00fcnschen.<\/p>\n<\/div>\n<p style=\"text-align: center;\"><a href=\"\/?p=3212\">MEHR INFO<\/a><\/p>\n<hr \/>\n<\/div>\n<div class=\"sc-column col-lg-4 col-md- col-sm- col-xs- col-lg-offset- \">\n<p><a href=\"\/?p=2901\"><img loading=\"lazy\" style=\"margin: auto; display: block;\" src=\"http:\/\/www.san-mar-lopar.com\/wp-content\/uploads\/2017\/01\/app_4-1.jpg\" width=\"252\" height=\"253\" \/><\/a><\/p>\n<h4 style=\"text-align: center;\">Wohnung 4<\/h4>\n<div class=\"block\">\n<p style=\"text-align: justify; margin: 20px;\">Dieses San Mar Apartment befindet sich im ersten Stock neben der dritten Wohnung und wurde geschmackvoll und nur mit hochwertigen Materialien eingerichtet. Mit Liebe zum Detail, modernen Farben, moderner Beleuchtung und ist luxuri\u00f6s gestaltet. Zwei getrennte Zimmer mit 5-Sterne Bewertung, jedes mit eigenem Bad und WC und mit einem zus\u00e4tzlichen dritten WC in jeder Wohnung. Der San Mar Apartment-Komplex ist eine einzigartige und luxuri\u00f6se Unterkunft in der Stadt Lopar auf der Insel Rab. Neu gebaut bietet es Ihnen eine au\u00dfergew\u00f6hnliche Erfahrung. Es werden traditionelle Br\u00e4uche, luxuri\u00f6ses Design der Unterk\u00fcnfte und ein umfassender pers\u00f6nlicher Service kombiniert.<\/p>\n<\/div>\n<p style=\"text-align: center;\"><a href=\"\/?p=2901\">MEHR INFO<\/a><\/p>\n<hr \/>\n<\/div>\n<div class=\"sc-column col-lg-4 col-md- col-sm- col-xs- col-lg-offset- \">\n<p><a href=\"\/?p=4093\"><img loading=\"lazy\" style=\"margin: auto; display: block;\" src=\"http:\/\/www.san-mar-lopar.com\/wp-content\/uploads\/2017\/01\/app_5.jpg\" width=\"252\" height=\"253\" \/><\/a><\/p>\n<h4 style=\"text-align: center;\">Wohnung 5<\/h4>\n<div class=\"block\">\n<p style=\"text-align: justify; margin: 20px;\">Im eingez\u00e4unten Grundst\u00fcck, in einem Privathaus, gibt es diese vier 5-Sterne Appartements in Lopar. Die G\u00e4ste jeder dieser komfortablen Wohnungen, die sich in einer ausgezeichneten Lage befinden, k\u00f6nnen die hervorragenden gemeinschaftlichen und beheizten Pools nutzen, die sich perfekt an den Rest der Terrasse des Hauses anpassen. Genie\u00dfen Sie Ihren Urlaub am Strand mit einer Vielzahl von Freizeiteinrichtungen, Bars und Restaurants.<\/p>\n<\/div>\n<p style=\"text-align: center;\"><a href=\"\/?p=4093\">MEHR INFO<\/a><\/p>\n<hr \/>\n<\/div>\n<div class=\"sc-column col-lg-4 col-md- col-sm- col-xs- col-lg-offset- \">\n<p><a href=\"\/?p=4098\"><img loading=\"lazy\" style=\"margin: auto; display: block;\" src=\"http:\/\/www.san-mar-lopar.com\/wp-content\/uploads\/2017\/01\/app_6.jpg\" width=\"252\" height=\"253\" \/><\/a><\/p>\n<h4 style=\"text-align: center;\">Wohnung 6<\/h4>\n<div class=\"block\">\n<p style=\"text-align: justify; margin: 20px;\">Im eingez\u00e4unten Grundst\u00fcck, in einem Privathaus, gibt es diese vier 5-Sterne Appartements in Lopar. Die G\u00e4ste jeder dieser komfortablen Wohnungen, die sich in einer ausgezeichneten Lage befinden, k\u00f6nnen die hervorragenden gemeinschaftlichen und beheizten Pools nutzen, die sich perfekt an den Rest der Terrasse des Hauses anpassen. Genie\u00dfen Sie Ihren Urlaub am Strand mit einer Vielzahl von Freizeiteinrichtungen, Bars und Restaurants.<\/p>\n<\/div>\n<p style=\"text-align: center;\"><a href=\"\/?p=4098\">MEHR INFO<\/a><\/p>\n<hr \/>\n<\/div>\n","protected":false},"excerpt":{"rendered":"<p>Unterkunft<\/p>\n","protected":false},"author":1,"featured_media":3322,"parent":0,"menu_order":0,"comment_status":"closed","ping_status":"closed","template":"","meta":[],"yoast_head":"<!-- This site is optimized with the Yoast SEO plugin v17.2.1 - https:\/\/yoast.com\/wordpress\/plugins\/seo\/ -->\n<title>Unterkunft - San Mar Lopar<\/title>\n<meta name=\"robots\" content=\"index, follow, max-snippet:-1, max-image-preview:large, max-video-preview:-1\" \/>\n<link rel=\"canonical\" href=\"https:\/\/www.san-mar-lopar.com\/de\/unterkunft\/\" \/>\n<meta property=\"og:locale\" content=\"de_DE\" \/>\n<meta property=\"og:type\" content=\"article\" \/>\n<meta property=\"og:title\" content=\"Unterkunft - San Mar Lopar\" \/>\n<meta property=\"og:description\" content=\"Unterkunft\" \/>\n<meta property=\"og:url\" content=\"https:\/\/www.san-mar-lopar.com\/de\/unterkunft\/\" \/>\n<meta property=\"og:site_name\" content=\"San Mar Lopar\" \/>\n<meta property=\"article:modified_time\" content=\"2025-07-02T11:56:12+00:00\" \/>\n<meta property=\"og:image\" content=\"http:\/\/www.san-mar-lopar.com\/wp-content\/uploads\/2017\/01\/lopar_header_1.jpg\" \/>\n\t<meta property=\"og:image:width\" content=\"1920\" \/>\n\t<meta property=\"og:image:height\" content=\"692\" \/>\n<meta name=\"twitter:card\" content=\"summary\" \/>\n<meta name=\"twitter:label1\" content=\"Gesch\u00e4tzte Lesezeit\" \/>\n\t<meta name=\"twitter:data1\" content=\"5\u00a0Minuten\" \/>\n<script type=\"application\/ld+json\" class=\"yoast-schema-graph\">{\"@context\":\"https:\/\/schema.org\",\"@graph\":[{\"@type\":\"Organization\",\"@id\":\"https:\/\/www.san-mar-lopar.com\/#organization\",\"name\":\"San-Mar-Lopar\",\"url\":\"https:\/\/www.san-mar-lopar.com\/\",\"sameAs\":[],\"logo\":{\"@type\":\"ImageObject\",\"@id\":\"https:\/\/www.san-mar-lopar.com\/#logo\",\"inLanguage\":\"de\",\"url\":\"https:\/\/www.san-mar-lopar.com\/wp-content\/uploads\/2020\/07\/SanMarFAVICON512x512.png\",\"contentUrl\":\"https:\/\/www.san-mar-lopar.com\/wp-content\/uploads\/2020\/07\/SanMarFAVICON512x512.png\",\"width\":512,\"height\":512,\"caption\":\"San-Mar-Lopar\"},\"image\":{\"@id\":\"https:\/\/www.san-mar-lopar.com\/#logo\"}},{\"@type\":\"WebSite\",\"@id\":\"https:\/\/www.san-mar-lopar.com\/#website\",\"url\":\"https:\/\/www.san-mar-lopar.com\/\",\"name\":\"San Mar Lopar\",\"description\":\"Apartments | Rab | Croatia\",\"publisher\":{\"@id\":\"https:\/\/www.san-mar-lopar.com\/#organization\"},\"potentialAction\":[{\"@type\":\"SearchAction\",\"target\":{\"@type\":\"EntryPoint\",\"urlTemplate\":\"https:\/\/www.san-mar-lopar.com\/?s={search_term_string}\"},\"query-input\":\"required name=search_term_string\"}],\"inLanguage\":\"de\"},{\"@type\":\"ImageObject\",\"@id\":\"https:\/\/www.san-mar-lopar.com\/de\/unterkunft\/#primaryimage\",\"inLanguage\":\"de\",\"url\":\"https:\/\/www.san-mar-lopar.com\/wp-content\/uploads\/2017\/01\/lopar_header_1.jpg\",\"contentUrl\":\"https:\/\/www.san-mar-lopar.com\/wp-content\/uploads\/2017\/01\/lopar_header_1.jpg\",\"width\":1920,\"height\":692},{\"@type\":\"WebPage\",\"@id\":\"https:\/\/www.san-mar-lopar.com\/de\/unterkunft\/#webpage\",\"url\":\"https:\/\/www.san-mar-lopar.com\/de\/unterkunft\/\",\"name\":\"Unterkunft - San Mar Lopar\",\"isPartOf\":{\"@id\":\"https:\/\/www.san-mar-lopar.com\/#website\"},\"primaryImageOfPage\":{\"@id\":\"https:\/\/www.san-mar-lopar.com\/de\/unterkunft\/#primaryimage\"},\"datePublished\":\"2017-02-03T08:01:00+00:00\",\"dateModified\":\"2025-07-02T11:56:12+00:00\",\"breadcrumb\":{\"@id\":\"https:\/\/www.san-mar-lopar.com\/de\/unterkunft\/#breadcrumb\"},\"inLanguage\":\"de\",\"potentialAction\":[{\"@type\":\"ReadAction\",\"target\":[\"https:\/\/www.san-mar-lopar.com\/de\/unterkunft\/\"]}]},{\"@type\":\"BreadcrumbList\",\"@id\":\"https:\/\/www.san-mar-lopar.com\/de\/unterkunft\/#breadcrumb\",\"itemListElement\":[{\"@type\":\"ListItem\",\"position\":1,\"name\":\"Home\",\"item\":\"https:\/\/www.san-mar-lopar.com\/de\/startseite\/\"},{\"@type\":\"ListItem\",\"position\":2,\"name\":\"Unterkunft\"}]}]}<\/script>\n<!-- \/ Yoast SEO plugin. -->","yoast_head_json":{"title":"Unterkunft - San Mar Lopar","robots":{"index":"index","follow":"follow","max-snippet":"max-snippet:-1","max-image-preview":"max-image-preview:large","max-video-preview":"max-video-preview:-1"},"canonical":"https:\/\/www.san-mar-lopar.com\/de\/unterkunft\/","og_locale":"de_DE","og_type":"article","og_title":"Unterkunft - San Mar Lopar","og_description":"Unterkunft","og_url":"https:\/\/www.san-mar-lopar.com\/de\/unterkunft\/","og_site_name":"San Mar Lopar","article_modified_time":"2025-07-02T11:56:12+00:00","og_image":[{"width":1920,"height":692,"url":"http:\/\/www.san-mar-lopar.com\/wp-content\/uploads\/2017\/01\/lopar_header_1.jpg","path":"\/home\/sanmarlopar\/public_html\/wp-content\/uploads\/2017\/01\/lopar_header_1.jpg","size":"full","id":3322,"alt":"","pixels":1328640,"type":"image\/jpeg"}],"twitter_card":"summary","twitter_misc":{"Gesch\u00e4tzte Lesezeit":"5\u00a0Minuten"},"schema":{"@context":"https:\/\/schema.org","@graph":[{"@type":"Organization","@id":"https:\/\/www.san-mar-lopar.com\/#organization","name":"San-Mar-Lopar","url":"https:\/\/www.san-mar-lopar.com\/","sameAs":[],"logo":{"@type":"ImageObject","@id":"https:\/\/www.san-mar-lopar.com\/#logo","inLanguage":"de","url":"https:\/\/www.san-mar-lopar.com\/wp-content\/uploads\/2020\/07\/SanMarFAVICON512x512.png","contentUrl":"https:\/\/www.san-mar-lopar.com\/wp-content\/uploads\/2020\/07\/SanMarFAVICON512x512.png","width":512,"height":512,"caption":"San-Mar-Lopar"},"image":{"@id":"https:\/\/www.san-mar-lopar.com\/#logo"}},{"@type":"WebSite","@id":"https:\/\/www.san-mar-lopar.com\/#website","url":"https:\/\/www.san-mar-lopar.com\/","name":"San Mar Lopar","description":"Apartments | Rab | Croatia","publisher":{"@id":"https:\/\/www.san-mar-lopar.com\/#organization"},"potentialAction":[{"@type":"SearchAction","target":{"@type":"EntryPoint","urlTemplate":"https:\/\/www.san-mar-lopar.com\/?s={search_term_string}"},"query-input":"required name=search_term_string"}],"inLanguage":"de"},{"@type":"ImageObject","@id":"https:\/\/www.san-mar-lopar.com\/de\/unterkunft\/#primaryimage","inLanguage":"de","url":"https:\/\/www.san-mar-lopar.com\/wp-content\/uploads\/2017\/01\/lopar_header_1.jpg","contentUrl":"https:\/\/www.san-mar-lopar.com\/wp-content\/uploads\/2017\/01\/lopar_header_1.jpg","width":1920,"height":692},{"@type":"WebPage","@id":"https:\/\/www.san-mar-lopar.com\/de\/unterkunft\/#webpage","url":"https:\/\/www.san-mar-lopar.com\/de\/unterkunft\/","name":"Unterkunft - San Mar Lopar","isPartOf":{"@id":"https:\/\/www.san-mar-lopar.com\/#website"},"primaryImageOfPage":{"@id":"https:\/\/www.san-mar-lopar.com\/de\/unterkunft\/#primaryimage"},"datePublished":"2017-02-03T08:01:00+00:00","dateModified":"2025-07-02T11:56:12+00:00","breadcrumb":{"@id":"https:\/\/www.san-mar-lopar.com\/de\/unterkunft\/#breadcrumb"},"inLanguage":"de","potentialAction":[{"@type":"ReadAction","target":["https:\/\/www.san-mar-lopar.com\/de\/unterkunft\/"]}]},{"@type":"BreadcrumbList","@id":"https:\/\/www.san-mar-lopar.com\/de\/unterkunft\/#breadcrumb","itemListElement":[{"@type":"ListItem","position":1,"name":"Home","item":"https:\/\/www.san-mar-lopar.com\/de\/startseite\/"},{"@type":"ListItem","position":2,"name":"Unterkunft"}]}]}},"_links":{"self":[{"href":"https:\/\/www.san-mar-lopar.com\/de\/wp-json\/wp\/v2\/pages\/3924"}],"collection":[{"href":"https:\/\/www.san-mar-lopar.com\/de\/wp-json\/wp\/v2\/pages"}],"about":[{"href":"https:\/\/www.san-mar-lopar.com\/de\/wp-json\/wp\/v2\/types\/page"}],"author":[{"embeddable":true,"href":"https:\/\/www.san-mar-lopar.com\/de\/wp-json\/wp\/v2\/users\/1"}],"replies":[{"embeddable":true,"href":"https:\/\/www.san-mar-lopar.com\/de\/wp-json\/wp\/v2\/comments?post=3924"}],"version-history":[{"count":20,"href":"https:\/\/www.san-mar-lopar.com\/de\/wp-json\/wp\/v2\/pages\/3924\/revisions"}],"predecessor-version":[{"id":7842,"href":"https:\/\/www.san-mar-lopar.com\/de\/wp-json\/wp\/v2\/pages\/3924\/revisions\/7842"}],"wp:featuredmedia":[{"embeddable":true,"href":"https:\/\/www.san-mar-lopar.com\/de\/wp-json\/wp\/v2\/media\/3322"}],"wp:attachment":[{"href":"https:\/\/www.san-mar-lopar.com\/de\/wp-json\/wp\/v2\/media?parent=3924"}],"curies":[{"name":"wp","href":"https:\/\/api.w.org\/{rel}","templated":true}]}}